{"id":304,"date":"2025-07-04T18:24:26","date_gmt":"2025-07-04T16:24:26","guid":{"rendered":"https:\/\/pkict.ch\/?page_id=304"},"modified":"2025-07-22T22:05:41","modified_gmt":"2025-07-22T20:05:41","slug":"lets-celebrate","status":"publish","type":"page","link":"https:\/\/pkict.ch\/","title":{"rendered":"Let\u2019s celebrate!"},"content":{"rendered":"\n<h3 class=\"wp-block-heading\"><\/h3>\n\n\n\n<figure class=\"wp-block-gallery has-nested-images columns-default is-cropped wp-block-gallery-1 is-layout-flex wp-block-gallery-is-layout-flex\">\n<figure class=\"wp-block-image size-large is-style-rounded\"><img loading=\"lazy\" decoding=\"async\" width=\"768\" height=\"1024\" data-id=\"315\" src=\"https:\/\/pkict.ch\/wp-content\/uploads\/2025\/07\/WhatsApp-Image-2025-07-22-at-21.36.40-768x1024.jpeg\" alt=\"\" class=\"wp-image-315\" srcset=\"https:\/\/pkict.ch\/wp-content\/uploads\/2025\/07\/WhatsApp-Image-2025-07-22-at-21.36.40-768x1024.jpeg 768w, https:\/\/pkict.ch\/wp-content\/uploads\/2025\/07\/WhatsApp-Image-2025-07-22-at-21.36.40-225x300.jpeg 225w, https:\/\/pkict.ch\/wp-content\/uploads\/2025\/07\/WhatsApp-Image-2025-07-22-at-21.36.40-1152x1536.jpeg 1152w, https:\/\/pkict.ch\/wp-content\/uploads\/2025\/07\/WhatsApp-Image-2025-07-22-at-21.36.40.jpeg 1500w\" sizes=\"auto, (max-width: 768px) 100vw, 768px\" \/><\/figure>\n\n\n\n<figure class=\"wp-block-image size-large is-style-rounded\"><img loading=\"lazy\" decoding=\"async\" width=\"1024\" height=\"683\" data-id=\"314\" src=\"https:\/\/pkict.ch\/wp-content\/uploads\/2025\/07\/IMG_4550-1024x683.jpg\" alt=\"\" class=\"wp-image-314\" srcset=\"https:\/\/pkict.ch\/wp-content\/uploads\/2025\/07\/IMG_4550-1024x683.jpg 1024w, https:\/\/pkict.ch\/wp-content\/uploads\/2025\/07\/IMG_4550-300x200.jpg 300w, https:\/\/pkict.ch\/wp-content\/uploads\/2025\/07\/IMG_4550-768x512.jpg 768w, https:\/\/pkict.ch\/wp-content\/uploads\/2025\/07\/IMG_4550-1536x1024.jpg 1536w, https:\/\/pkict.ch\/wp-content\/uploads\/2025\/07\/IMG_4550-2048x1365.jpg 2048w\" sizes=\"auto, (max-width: 1024px) 100vw, 1024px\" \/><\/figure>\n\n\n\n<figure class=\"wp-block-image size-large is-style-rounded\"><img loading=\"lazy\" decoding=\"async\" width=\"1024\" height=\"683\" data-id=\"320\" src=\"https:\/\/pkict.ch\/wp-content\/uploads\/2025\/07\/IMG_4723-1024x683.jpg\" alt=\"\" class=\"wp-image-320\" srcset=\"https:\/\/pkict.ch\/wp-content\/uploads\/2025\/07\/IMG_4723-1024x683.jpg 1024w, https:\/\/pkict.ch\/wp-content\/uploads\/2025\/07\/IMG_4723-300x200.jpg 300w, https:\/\/pkict.ch\/wp-content\/uploads\/2025\/07\/IMG_4723-768x512.jpg 768w, https:\/\/pkict.ch\/wp-content\/uploads\/2025\/07\/IMG_4723-1536x1024.jpg 1536w, https:\/\/pkict.ch\/wp-content\/uploads\/2025\/07\/IMG_4723-2048x1365.jpg 2048w\" sizes=\"auto, (max-width: 1024px) 100vw, 1024px\" \/><\/figure>\n<\/figure>\n\n\n\n<div class=\"wp-block-media-text is-stacked-on-mobile\"><figure class=\"wp-block-media-text__media\"><img loading=\"lazy\" decoding=\"async\" width=\"1024\" height=\"1536\" src=\"https:\/\/pkict.ch\/wp-content\/uploads\/2025\/07\/ChatGPT-Image-4.-Juli-2025-18_17_33.png\" alt=\"\" class=\"wp-image-305 size-full\" srcset=\"https:\/\/pkict.ch\/wp-content\/uploads\/2025\/07\/ChatGPT-Image-4.-Juli-2025-18_17_33.png 1024w, https:\/\/pkict.ch\/wp-content\/uploads\/2025\/07\/ChatGPT-Image-4.-Juli-2025-18_17_33-200x300.png 200w, https:\/\/pkict.ch\/wp-content\/uploads\/2025\/07\/ChatGPT-Image-4.-Juli-2025-18_17_33-683x1024.png 683w\" sizes=\"auto, (max-width: 1024px) 100vw, 1024px\" \/><\/figure><div class=\"wp-block-media-text__content\">\n<p><strong>Sch\u00f6n, dass du da bist!<\/strong><\/p>\n\n\n\n<p>Sei herzlich eingeladen, mit uns unseren grossen Tag zu feiern.<br>Am <strong>06. Juni 2026<\/strong> geben wir uns das Ja-Wort \u2013 und es w\u00e4re f\u00fcr uns das gr\u00f6sste Geschenk, diesen besonderen Tag mit dir feiern zu d\u00fcrfen.<br>Wir freuen uns riesig auf gemeinsame Momente, Lachen, Tanzen und ganz viel Liebe. \ud83d\udc99<\/p>\n<\/div><\/div>\n\n\n\n<div class=\"wp-block-columns is-layout-flex wp-container-core-columns-is-layout-9d6595d7 wp-block-columns-is-layout-flex\">\n<div class=\"wp-block-column is-layout-flow wp-block-column-is-layout-flow\" style=\"flex-basis:100%\"><\/div>\n<\/div>\n\n\n\n<p><\/p>\n","protected":false},"excerpt":{"rendered":"<p>Sch\u00f6n, dass du da bist! Sei herzlich eingeladen, mit uns unseren grossen Tag zu feiern.Am 06. Juni 2026 geben wir uns das Ja-Wort \u2013 und es w\u00e4re f\u00fcr uns das gr\u00f6sste Geschenk, diesen besonderen Tag mit dir feiern zu d\u00fcrfen.Wir freuen uns riesig auf gemeinsame Momente, Lachen, Tanzen und ganz viel Liebe. \ud83d\udc99<\/p>\n","protected":false},"author":5,"featured_media":0,"parent":0,"menu_order":0,"comment_status":"closed","ping_status":"closed","template":"","meta":{"_acf_changed":false,"footnotes":""},"class_list":["post-304","page","type-page","status-publish","hentry"],"acf":[],"_links":{"self":[{"href":"https:\/\/pkict.ch\/index.php?rest_route=\/wp\/v2\/pages\/304","targetHints":{"allow":["GET"]}}],"collection":[{"href":"https:\/\/pkict.ch\/index.php?rest_route=\/wp\/v2\/pages"}],"about":[{"href":"https:\/\/pkict.ch\/index.php?rest_route=\/wp\/v2\/types\/page"}],"author":[{"embeddable":true,"href":"https:\/\/pkict.ch\/index.php?rest_route=\/wp\/v2\/users\/5"}],"replies":[{"embeddable":true,"href":"https:\/\/pkict.ch\/index.php?rest_route=%2Fwp%2Fv2%2Fcomments&post=304"}],"version-history":[{"count":9,"href":"https:\/\/pkict.ch\/index.php?rest_route=\/wp\/v2\/pages\/304\/revisions"}],"predecessor-version":[{"id":324,"href":"https:\/\/pkict.ch\/index.php?rest_route=\/wp\/v2\/pages\/304\/revisions\/324"}],"wp:attachment":[{"href":"https:\/\/pkict.ch\/index.php?rest_route=%2Fwp%2Fv2%2Fmedia&parent=304"}],"curies":[{"name":"wp","href":"https:\/\/api.w.org\/{rel}","templated":true}]}}